{"id":505,"date":"2019-12-06T11:19:48","date_gmt":"2019-12-06T11:19:48","guid":{"rendered":"https:\/\/missblond.com.br\/loja\/?post_type=product&#038;p=505"},"modified":"2025-06-18T22:19:25","modified_gmt":"2025-06-18T22:19:25","slug":"reparador-de-pontas-300-ml-miss-blond","status":"publish","type":"product","link":"https:\/\/missblond.com.br\/loja\/product\/reparador-de-pontas-300-ml-miss-blond\/","title":{"rendered":"Reparador de Pontas 300 ml  Miss Blond"},"content":{"rendered":"<p><strong>Reparador de Pontas\/Protetor T\u00e9rmico 300 ml<\/strong><\/p>\n<p>Com silicones importados<\/p>\n<p><span class=\"st\"><em>Dura\u00e7\u00e3o<\/em><\/span> de efeito prolongado<\/p>\n<p>&nbsp;<\/p>\n<p>&nbsp;<\/p>\n<p>O Miss Blond Leave In Oil Protetor T\u00e9rmico \u00e9 um \u00f3leo de tratamento cosm\u00e9tico capilar, composto por \u00f3leo de Argan, \u00f3leo de Macad\u00e2mia e Silikones de \u00faltima gera\u00e7\u00e3o que d\u00e3o toque leve com efeito liss, intensificam o brilho e auxiliam na repara\u00e7\u00e3o de cabelos danificados ou quimicamente tratados.<\/p>\n<p><strong>Modo de usar<\/strong>:<\/p>\n<p>Coloque de 2 a 5 gotas na palma da m\u00e3o, espalhe nas m\u00e3os e aplique demaneira uniforme no comprimento dos fios. Pode ser aplicado nos cabelos \u00famidos ou secos.<\/p>\n<p>&nbsp;<\/p>\n<p><strong> Precau\u00e7\u00f5es:<\/strong><\/p>\n<p>Conserve fora do alcance de crian\u00e7as, em local fresco e seco. Em caso de irrita\u00e7\u00e3o, suspender o uso. N\u00e3o reutilizar a embalagem vazia para outros fins.<\/p>\n<p>&nbsp;<\/p>\n<p><img decoding=\"async\" src=\"https:\/\/encrypted-tbn0.gstatic.com\/images?q=tbn:ANd9GcSA5YLaDaJEpFeI8kWueTBEPw7k9nubUbx7VA_TukNqH4gcV_8K&amp;s\" alt=\"Imagem relacionada\" data-imagetype=\"External\" \/> \u00a0\u00a0\u00a0\u00a0 (71) 99218 3665<\/p>\n","protected":false},"excerpt":{"rendered":"<p>Reparador de Pontas\/Protetor T\u00e9rmico 300 ml Com silicones importados Dura\u00e7\u00e3o de efeito prolongado &nbsp; &nbsp; O Miss Blond Leave In Oil Protetor T\u00e9rmico \u00e9 um \u00f3leo de tratamento cosm\u00e9tico capilar, composto por \u00f3leo de Argan, \u00f3leo de Macad\u00e2mia e Silikones de \u00faltima gera\u00e7\u00e3o que d\u00e3o toque leve com efeito liss, intensificam o brilho e auxiliam [&#8230;]\n","protected":false},"featured_media":506,"comment_status":"open","ping_status":"closed","template":"","meta":[],"product_brand":[],"product_cat":[69],"product_tag":[],"class_list":{"0":"post-505","1":"product","2":"type-product","3":"status-publish","4":"has-post-thumbnail","6":"product_cat-reparador-de-pontas","8":"first","9":"instock","10":"shipping-taxable","11":"purchasable","12":"product-type-simple"},"yoast_head":"<!-- This site is optimized with the Yoast SEO Premium plugin v23.0 (Yoast SEO v26.4) - https:\/\/yoast.com\/wordpress\/plugins\/seo\/ -->\n<title>Reparador de Pontas 300 ml Miss Blond - Miss blond<\/title>\n<meta name=\"robots\" content=\"index, follow, max-snippet:-1, max-image-preview:large, max-video-preview:-1\" \/>\n<link rel=\"canonical\" href=\"https:\/\/missblond.com.br\/loja\/product\/reparador-de-pontas-300-ml-miss-blond\/\" \/>\n<meta property=\"og:locale\" content=\"pt_BR\" \/>\n<meta property=\"og:type\" content=\"article\" \/>\n<meta property=\"og:title\" content=\"Reparador de Pontas 300 ml Miss Blond\" \/>\n<meta property=\"og:description\" content=\"Reparador de Pontas\/Protetor T\u00e9rmico 300 ml Com silicones importados Dura\u00e7\u00e3o de efeito prolongado &nbsp; &nbsp; O Miss Blond Leave In Oil Protetor T\u00e9rmico \u00e9 um \u00f3leo de tratamento cosm\u00e9tico capilar, composto por \u00f3leo de Argan, \u00f3leo de Macad\u00e2mia e Silikones de \u00faltima gera\u00e7\u00e3o que d\u00e3o toque leve com efeito liss, intensificam o brilho e auxiliam [...]\" \/>\n<meta property=\"og:url\" content=\"https:\/\/missblond.com.br\/loja\/product\/reparador-de-pontas-300-ml-miss-blond\/\" \/>\n<meta property=\"og:site_name\" content=\"Miss blond\" \/>\n<meta property=\"article:modified_time\" content=\"2025-06-18T22:19:25+00:00\" \/>\n<meta property=\"og:image\" content=\"https:\/\/missblond.com.br\/loja\/wp-content\/uploads\/2019\/12\/foto-reparador-300-ml-tam-certo.jpg\" \/>\n\t<meta property=\"og:image:width\" content=\"1752\" \/>\n\t<meta property=\"og:image:height\" content=\"2484\" \/>\n\t<meta property=\"og:image:type\" content=\"image\/jpeg\" \/>\n<meta name=\"twitter:card\" content=\"summary_large_image\" \/>\n<meta name=\"twitter:label1\" content=\"Est. tempo de leitura\" \/>\n\t<meta name=\"twitter:data1\" content=\"2 minutos\" \/>\n<script type=\"application\/ld+json\" class=\"yoast-schema-graph\">{\"@context\":\"https:\/\/schema.org\",\"@graph\":[{\"@type\":\"WebPage\",\"@id\":\"https:\/\/missblond.com.br\/loja\/product\/reparador-de-pontas-300-ml-miss-blond\/\",\"url\":\"https:\/\/missblond.com.br\/loja\/product\/reparador-de-pontas-300-ml-miss-blond\/\",\"name\":\"Reparador de Pontas 300 ml Miss Blond - Miss blond\",\"isPartOf\":{\"@id\":\"https:\/\/missblond.com.br\/loja\/#website\"},\"primaryImageOfPage\":{\"@id\":\"https:\/\/missblond.com.br\/loja\/product\/reparador-de-pontas-300-ml-miss-blond\/#primaryimage\"},\"image\":{\"@id\":\"https:\/\/missblond.com.br\/loja\/product\/reparador-de-pontas-300-ml-miss-blond\/#primaryimage\"},\"thumbnailUrl\":\"https:\/\/missblond.com.br\/loja\/wp-content\/uploads\/2019\/12\/foto-reparador-300-ml-tam-certo.jpg\",\"datePublished\":\"2019-12-06T11:19:48+00:00\",\"dateModified\":\"2025-06-18T22:19:25+00:00\",\"breadcrumb\":{\"@id\":\"https:\/\/missblond.com.br\/loja\/product\/reparador-de-pontas-300-ml-miss-blond\/#breadcrumb\"},\"inLanguage\":\"pt-BR\",\"potentialAction\":[{\"@type\":\"ReadAction\",\"target\":[\"https:\/\/missblond.com.br\/loja\/product\/reparador-de-pontas-300-ml-miss-blond\/\"]}]},{\"@type\":\"ImageObject\",\"inLanguage\":\"pt-BR\",\"@id\":\"https:\/\/missblond.com.br\/loja\/product\/reparador-de-pontas-300-ml-miss-blond\/#primaryimage\",\"url\":\"https:\/\/missblond.com.br\/loja\/wp-content\/uploads\/2019\/12\/foto-reparador-300-ml-tam-certo.jpg\",\"contentUrl\":\"https:\/\/missblond.com.br\/loja\/wp-content\/uploads\/2019\/12\/foto-reparador-300-ml-tam-certo.jpg\",\"width\":1752,\"height\":2484},{\"@type\":\"BreadcrumbList\",\"@id\":\"https:\/\/missblond.com.br\/loja\/product\/reparador-de-pontas-300-ml-miss-blond\/#breadcrumb\",\"itemListElement\":[{\"@type\":\"ListItem\",\"position\":1,\"name\":\"Home\",\"item\":\"https:\/\/missblond.com.br\/loja\/\"},{\"@type\":\"ListItem\",\"position\":2,\"name\":\"Shop\",\"item\":\"https:\/\/missblond.com.br\/loja\/shop\/\"},{\"@type\":\"ListItem\",\"position\":3,\"name\":\"Reparador de Pontas 300 ml Miss Blond\"}]},{\"@type\":\"WebSite\",\"@id\":\"https:\/\/missblond.com.br\/loja\/#website\",\"url\":\"https:\/\/missblond.com.br\/loja\/\",\"name\":\"Miss blond Cosm\u00e9ticos\",\"description\":\"Uma loja de Verdade!\",\"publisher\":{\"@id\":\"https:\/\/missblond.com.br\/loja\/#organization\"},\"potentialAction\":[{\"@type\":\"SearchAction\",\"target\":{\"@type\":\"EntryPoint\",\"urlTemplate\":\"https:\/\/missblond.com.br\/loja\/?s={search_term_string}\"},\"query-input\":{\"@type\":\"PropertyValueSpecification\",\"valueRequired\":true,\"valueName\":\"search_term_string\"}}],\"inLanguage\":\"pt-BR\"},{\"@type\":\"Organization\",\"@id\":\"https:\/\/missblond.com.br\/loja\/#organization\",\"name\":\"Miss Blond Cosm\u00e9ticos\",\"url\":\"https:\/\/missblond.com.br\/loja\/\",\"logo\":{\"@type\":\"ImageObject\",\"inLanguage\":\"pt-BR\",\"@id\":\"https:\/\/missblond.com.br\/loja\/#\/schema\/logo\/image\/\",\"url\":\"https:\/\/missblond.com.br\/loja\/wp-content\/uploads\/2019\/10\/logomarca_png2.png\",\"contentUrl\":\"https:\/\/missblond.com.br\/loja\/wp-content\/uploads\/2019\/10\/logomarca_png2.png\",\"width\":1343,\"height\":281,\"caption\":\"Miss Blond Cosm\u00e9ticos\"},\"image\":{\"@id\":\"https:\/\/missblond.com.br\/loja\/#\/schema\/logo\/image\/\"}}]}<\/script>\n<!-- \/ Yoast SEO Premium plugin. -->","yoast_head_json":{"title":"Reparador de Pontas 300 ml Miss Blond - Miss blond","robots":{"index":"index","follow":"follow","max-snippet":"max-snippet:-1","max-image-preview":"max-image-preview:large","max-video-preview":"max-video-preview:-1"},"canonical":"https:\/\/missblond.com.br\/loja\/product\/reparador-de-pontas-300-ml-miss-blond\/","og_locale":"pt_BR","og_type":"article","og_title":"Reparador de Pontas 300 ml Miss Blond","og_description":"Reparador de Pontas\/Protetor T\u00e9rmico 300 ml Com silicones importados Dura\u00e7\u00e3o de efeito prolongado &nbsp; &nbsp; O Miss Blond Leave In Oil Protetor T\u00e9rmico \u00e9 um \u00f3leo de tratamento cosm\u00e9tico capilar, composto por \u00f3leo de Argan, \u00f3leo de Macad\u00e2mia e Silikones de \u00faltima gera\u00e7\u00e3o que d\u00e3o toque leve com efeito liss, intensificam o brilho e auxiliam [...]","og_url":"https:\/\/missblond.com.br\/loja\/product\/reparador-de-pontas-300-ml-miss-blond\/","og_site_name":"Miss blond","article_modified_time":"2025-06-18T22:19:25+00:00","og_image":[{"width":1752,"height":2484,"url":"https:\/\/missblond.com.br\/loja\/wp-content\/uploads\/2019\/12\/foto-reparador-300-ml-tam-certo.jpg","type":"image\/jpeg"}],"twitter_card":"summary_large_image","twitter_misc":{"Est. tempo de leitura":"2 minutos"},"schema":{"@context":"https:\/\/schema.org","@graph":[{"@type":"WebPage","@id":"https:\/\/missblond.com.br\/loja\/product\/reparador-de-pontas-300-ml-miss-blond\/","url":"https:\/\/missblond.com.br\/loja\/product\/reparador-de-pontas-300-ml-miss-blond\/","name":"Reparador de Pontas 300 ml Miss Blond - Miss blond","isPartOf":{"@id":"https:\/\/missblond.com.br\/loja\/#website"},"primaryImageOfPage":{"@id":"https:\/\/missblond.com.br\/loja\/product\/reparador-de-pontas-300-ml-miss-blond\/#primaryimage"},"image":{"@id":"https:\/\/missblond.com.br\/loja\/product\/reparador-de-pontas-300-ml-miss-blond\/#primaryimage"},"thumbnailUrl":"https:\/\/missblond.com.br\/loja\/wp-content\/uploads\/2019\/12\/foto-reparador-300-ml-tam-certo.jpg","datePublished":"2019-12-06T11:19:48+00:00","dateModified":"2025-06-18T22:19:25+00:00","breadcrumb":{"@id":"https:\/\/missblond.com.br\/loja\/product\/reparador-de-pontas-300-ml-miss-blond\/#breadcrumb"},"inLanguage":"pt-BR","potentialAction":[{"@type":"ReadAction","target":["https:\/\/missblond.com.br\/loja\/product\/reparador-de-pontas-300-ml-miss-blond\/"]}]},{"@type":"ImageObject","inLanguage":"pt-BR","@id":"https:\/\/missblond.com.br\/loja\/product\/reparador-de-pontas-300-ml-miss-blond\/#primaryimage","url":"https:\/\/missblond.com.br\/loja\/wp-content\/uploads\/2019\/12\/foto-reparador-300-ml-tam-certo.jpg","contentUrl":"https:\/\/missblond.com.br\/loja\/wp-content\/uploads\/2019\/12\/foto-reparador-300-ml-tam-certo.jpg","width":1752,"height":2484},{"@type":"BreadcrumbList","@id":"https:\/\/missblond.com.br\/loja\/product\/reparador-de-pontas-300-ml-miss-blond\/#breadcrumb","itemListElement":[{"@type":"ListItem","position":1,"name":"Home","item":"https:\/\/missblond.com.br\/loja\/"},{"@type":"ListItem","position":2,"name":"Shop","item":"https:\/\/missblond.com.br\/loja\/shop\/"},{"@type":"ListItem","position":3,"name":"Reparador de Pontas 300 ml Miss Blond"}]},{"@type":"WebSite","@id":"https:\/\/missblond.com.br\/loja\/#website","url":"https:\/\/missblond.com.br\/loja\/","name":"Miss blond Cosm\u00e9ticos","description":"Uma loja de Verdade!","publisher":{"@id":"https:\/\/missblond.com.br\/loja\/#organization"},"potentialAction":[{"@type":"SearchAction","target":{"@type":"EntryPoint","urlTemplate":"https:\/\/missblond.com.br\/loja\/?s={search_term_string}"},"query-input":{"@type":"PropertyValueSpecification","valueRequired":true,"valueName":"search_term_string"}}],"inLanguage":"pt-BR"},{"@type":"Organization","@id":"https:\/\/missblond.com.br\/loja\/#organization","name":"Miss Blond Cosm\u00e9ticos","url":"https:\/\/missblond.com.br\/loja\/","logo":{"@type":"ImageObject","inLanguage":"pt-BR","@id":"https:\/\/missblond.com.br\/loja\/#\/schema\/logo\/image\/","url":"https:\/\/missblond.com.br\/loja\/wp-content\/uploads\/2019\/10\/logomarca_png2.png","contentUrl":"https:\/\/missblond.com.br\/loja\/wp-content\/uploads\/2019\/10\/logomarca_png2.png","width":1343,"height":281,"caption":"Miss Blond Cosm\u00e9ticos"},"image":{"@id":"https:\/\/missblond.com.br\/loja\/#\/schema\/logo\/image\/"}}]}},"_links":{"self":[{"href":"https:\/\/missblond.com.br\/loja\/wp-json\/wp\/v2\/product\/505","targetHints":{"allow":["GET"]}}],"collection":[{"href":"https:\/\/missblond.com.br\/loja\/wp-json\/wp\/v2\/product"}],"about":[{"href":"https:\/\/missblond.com.br\/loja\/wp-json\/wp\/v2\/types\/product"}],"replies":[{"embeddable":true,"href":"https:\/\/missblond.com.br\/loja\/wp-json\/wp\/v2\/comments?post=505"}],"wp:featuredmedia":[{"embeddable":true,"href":"https:\/\/missblond.com.br\/loja\/wp-json\/wp\/v2\/media\/506"}],"wp:attachment":[{"href":"https:\/\/missblond.com.br\/loja\/wp-json\/wp\/v2\/media?parent=505"}],"wp:term":[{"taxonomy":"product_brand","embeddable":true,"href":"https:\/\/missblond.com.br\/loja\/wp-json\/wp\/v2\/product_brand?post=505"},{"taxonomy":"product_cat","embeddable":true,"href":"https:\/\/missblond.com.br\/loja\/wp-json\/wp\/v2\/product_cat?post=505"},{"taxonomy":"product_tag","embeddable":true,"href":"https:\/\/missblond.com.br\/loja\/wp-json\/wp\/v2\/product_tag?post=505"}],"curies":[{"name":"wp","href":"https:\/\/api.w.org\/{rel}","templated":true}]}}