{"id":456,"date":"2019-11-18T22:05:47","date_gmt":"2019-11-18T22:05:47","guid":{"rendered":"https:\/\/missblond.com.br\/loja\/?post_type=product&#038;p=456"},"modified":"2024-01-25T11:26:47","modified_gmt":"2024-01-25T11:26:47","slug":"conditionador-ultra-liss-500-ml","status":"publish","type":"product","link":"https:\/\/missblond.com.br\/loja\/product\/conditionador-ultra-liss-500-ml\/","title":{"rendered":"Conditionador Ultra Liss 1000 ml"},"content":{"rendered":"<p><strong><span class=\"market9y2uxr2\" data-markjs=\"true\" data-ogac=\"\" data-ogab=\"\" data-ogsc=\"\" data-ogsb=\"\">Condicionador<\/span> Ultra Liss<\/strong><\/p>\n<p>Tratamento cosm\u00e9tico para cabelos<\/p>\n<p>normais at\u00e9 excessivamente secos e danificados.<\/p>\n<p>Indicado para hidratar e proteger os cabelos<\/p>\n<p>estressados, sensibilizados, quebradi\u00e7os e<\/p>\n<p>quimicamente danificados, especialmente os<\/p>\n<p>loiros, que passaram por descolora\u00e7ao ou<\/p>\n<p>tintura.<\/p>\n<p>A maior integridade da cuticula permite<\/p>\n<p>a reten\u00e7ao dos pigmentos dos cabelos<\/p>\n<p>tingidos, fixando as colora\u00e7oes por muito<\/p>\n<p>mais tempo.<\/p>\n<p>Ate uma aplica\u00e7ao de poucos segundos<\/p>\n<p>ja tem um bom resultado de tratamento.<\/p>\n<p>(So use shampoo sulfate free Miss Blond<\/p>\n<p>antes de usar o <span class=\"market9y2uxr2\" data-markjs=\"true\" data-ogac=\"\" data-ogab=\"\" data-ogsc=\"\" data-ogsb=\"\">condicionador<\/span>)<\/p>\n<p><b>Resultado<\/b>: Cabelos brilhantes e f\u00e1ceis de<\/p>\n<p>pentear. Cor intensa e hidratacao prolongada.<\/p>\n<p>Ideal tamb\u00e9m para elimina\u00e7ao do efeito frizz.<\/p>\n<p>Prote\u00e7ao contra quebra.<\/p>\n<p><b>Modo de Uso:<\/b> Lavar os cabelos com shampoo<\/p>\n<p>Miss Blond<b> <\/b>anti residuos ou p\u00f3s quimica.<b><br \/>\n<\/b><\/p>\n<p>Aplique nos cabelos \u00famidos e massageie.<\/p>\n<p>Deixe o produto agir por 3 segundos ate<\/p>\n<p>2 Minutos. (Maior efeito com 2 Minutos<\/p>\n<p>e uso de uma toca).<b> <\/b>Para uma hidratacao<\/p>\n<p>mais profunda, aplique nos cabelos \u00famidos,<\/p>\n<p>mecha a mecha, enluvando.<\/p>\n<p>Enx\u00e1gue e seque como desejado.<\/p>\n<p>&nbsp;<\/p>\n<p><strong>Precau\u00e7\u00f5es:<\/strong> Mantenha fora do alcance de crian\u00e7as e da luz solar direta. N\u00e3o ingerir. Em caso de contatos com os olhos,enxaguarabundantemente.<\/p>\n<p>&nbsp;<\/p>\n<p>&nbsp;<\/p>\n<p>&nbsp;<\/p>\n<p>&nbsp;<\/p>\n<p><span class=\"st\"><em><img decoding=\"async\" src=\"https:\/\/encrypted-tbn0.gstatic.com\/images?q=tbn:ANd9GcSA5YLaDaJEpFeI8kWueTBEPw7k9nubUbx7VA_TukNqH4gcV_8K&amp;s\" alt=\"Imagem relacionada\" data-imagetype=\"External\" \/> \u00a0\u00a0\u00a0\u00a0 (71) 986236588<\/em><\/span><\/p>\n","protected":false},"excerpt":{"rendered":"<p>Condicionador Ultra Liss Tratamento cosm\u00e9tico para cabelos normais at\u00e9 excessivamente secos e danificados. Indicado para hidratar e proteger os cabelos estressados, sensibilizados, quebradi\u00e7os e quimicamente danificados, especialmente os loiros, que passaram por descolora\u00e7ao ou tintura. A maior integridade da cuticula permite a reten\u00e7ao dos pigmentos dos cabelos tingidos, fixando as colora\u00e7oes por muito mais tempo. [&#8230;]\n","protected":false},"featured_media":534,"comment_status":"open","ping_status":"closed","template":"","meta":[],"product_brand":[],"product_cat":[71],"product_tag":[],"class_list":{"0":"post-456","1":"product","2":"type-product","3":"status-publish","4":"has-post-thumbnail","6":"product_cat-condicionador","8":"first","9":"instock","10":"shipping-taxable","11":"purchasable","12":"product-type-simple"},"yoast_head":"<!-- This site is optimized with the Yoast SEO Premium plugin v23.0 (Yoast SEO v26.4) - https:\/\/yoast.com\/wordpress\/plugins\/seo\/ -->\n<title>Conditionador Ultra Liss 1000 ml - Miss blond<\/title>\n<meta name=\"robots\" content=\"index, follow, max-snippet:-1, max-image-preview:large, max-video-preview:-1\" \/>\n<link rel=\"canonical\" href=\"https:\/\/missblond.com.br\/loja\/product\/conditionador-ultra-liss-500-ml\/\" \/>\n<meta property=\"og:locale\" content=\"pt_BR\" \/>\n<meta property=\"og:type\" content=\"article\" \/>\n<meta property=\"og:title\" content=\"Conditionador Ultra Liss 1000 ml\" \/>\n<meta property=\"og:description\" content=\"Condicionador Ultra Liss Tratamento cosm\u00e9tico para cabelos normais at\u00e9 excessivamente secos e danificados. Indicado para hidratar e proteger os cabelos estressados, sensibilizados, quebradi\u00e7os e quimicamente danificados, especialmente os loiros, que passaram por descolora\u00e7ao ou tintura. A maior integridade da cuticula permite a reten\u00e7ao dos pigmentos dos cabelos tingidos, fixando as colora\u00e7oes por muito mais tempo. [...]\" \/>\n<meta property=\"og:url\" content=\"https:\/\/missblond.com.br\/loja\/product\/conditionador-ultra-liss-500-ml\/\" \/>\n<meta property=\"og:site_name\" content=\"Miss blond\" \/>\n<meta property=\"article:modified_time\" content=\"2024-01-25T11:26:47+00:00\" \/>\n<meta property=\"og:image\" content=\"https:\/\/missblond.com.br\/loja\/wp-content\/uploads\/2019\/11\/foto-conditionador-Ultra-Lisssite-scaled.jpg\" \/>\n\t<meta property=\"og:image:width\" content=\"771\" \/>\n\t<meta property=\"og:image:height\" content=\"2560\" \/>\n\t<meta property=\"og:image:type\" content=\"image\/jpeg\" \/>\n<meta name=\"twitter:card\" content=\"summary_large_image\" \/>\n<meta name=\"twitter:label1\" content=\"Est. tempo de leitura\" \/>\n\t<meta name=\"twitter:data1\" content=\"2 minutos\" \/>\n<script type=\"application\/ld+json\" class=\"yoast-schema-graph\">{\"@context\":\"https:\/\/schema.org\",\"@graph\":[{\"@type\":\"WebPage\",\"@id\":\"https:\/\/missblond.com.br\/loja\/product\/conditionador-ultra-liss-500-ml\/\",\"url\":\"https:\/\/missblond.com.br\/loja\/product\/conditionador-ultra-liss-500-ml\/\",\"name\":\"Conditionador Ultra Liss 1000 ml - Miss blond\",\"isPartOf\":{\"@id\":\"https:\/\/missblond.com.br\/loja\/#website\"},\"primaryImageOfPage\":{\"@id\":\"https:\/\/missblond.com.br\/loja\/product\/conditionador-ultra-liss-500-ml\/#primaryimage\"},\"image\":{\"@id\":\"https:\/\/missblond.com.br\/loja\/product\/conditionador-ultra-liss-500-ml\/#primaryimage\"},\"thumbnailUrl\":\"https:\/\/missblond.com.br\/loja\/wp-content\/uploads\/2019\/11\/foto-conditionador-Ultra-Lisssite-scaled.jpg\",\"datePublished\":\"2019-11-18T22:05:47+00:00\",\"dateModified\":\"2024-01-25T11:26:47+00:00\",\"breadcrumb\":{\"@id\":\"https:\/\/missblond.com.br\/loja\/product\/conditionador-ultra-liss-500-ml\/#breadcrumb\"},\"inLanguage\":\"pt-BR\",\"potentialAction\":[{\"@type\":\"ReadAction\",\"target\":[\"https:\/\/missblond.com.br\/loja\/product\/conditionador-ultra-liss-500-ml\/\"]}]},{\"@type\":\"ImageObject\",\"inLanguage\":\"pt-BR\",\"@id\":\"https:\/\/missblond.com.br\/loja\/product\/conditionador-ultra-liss-500-ml\/#primaryimage\",\"url\":\"https:\/\/missblond.com.br\/loja\/wp-content\/uploads\/2019\/11\/foto-conditionador-Ultra-Lisssite-scaled.jpg\",\"contentUrl\":\"https:\/\/missblond.com.br\/loja\/wp-content\/uploads\/2019\/11\/foto-conditionador-Ultra-Lisssite-scaled.jpg\",\"width\":771,\"height\":2560},{\"@type\":\"BreadcrumbList\",\"@id\":\"https:\/\/missblond.com.br\/loja\/product\/conditionador-ultra-liss-500-ml\/#breadcrumb\",\"itemListElement\":[{\"@type\":\"ListItem\",\"position\":1,\"name\":\"Home\",\"item\":\"https:\/\/missblond.com.br\/loja\/\"},{\"@type\":\"ListItem\",\"position\":2,\"name\":\"Shop\",\"item\":\"https:\/\/missblond.com.br\/loja\/shop\/\"},{\"@type\":\"ListItem\",\"position\":3,\"name\":\"Conditionador Ultra Liss 1000 ml\"}]},{\"@type\":\"WebSite\",\"@id\":\"https:\/\/missblond.com.br\/loja\/#website\",\"url\":\"https:\/\/missblond.com.br\/loja\/\",\"name\":\"Miss blond Cosm\u00e9ticos\",\"description\":\"Uma loja de Verdade!\",\"publisher\":{\"@id\":\"https:\/\/missblond.com.br\/loja\/#organization\"},\"potentialAction\":[{\"@type\":\"SearchAction\",\"target\":{\"@type\":\"EntryPoint\",\"urlTemplate\":\"https:\/\/missblond.com.br\/loja\/?s={search_term_string}\"},\"query-input\":{\"@type\":\"PropertyValueSpecification\",\"valueRequired\":true,\"valueName\":\"search_term_string\"}}],\"inLanguage\":\"pt-BR\"},{\"@type\":\"Organization\",\"@id\":\"https:\/\/missblond.com.br\/loja\/#organization\",\"name\":\"Miss Blond Cosm\u00e9ticos\",\"url\":\"https:\/\/missblond.com.br\/loja\/\",\"logo\":{\"@type\":\"ImageObject\",\"inLanguage\":\"pt-BR\",\"@id\":\"https:\/\/missblond.com.br\/loja\/#\/schema\/logo\/image\/\",\"url\":\"https:\/\/missblond.com.br\/loja\/wp-content\/uploads\/2019\/10\/logomarca_png2.png\",\"contentUrl\":\"https:\/\/missblond.com.br\/loja\/wp-content\/uploads\/2019\/10\/logomarca_png2.png\",\"width\":1343,\"height\":281,\"caption\":\"Miss Blond Cosm\u00e9ticos\"},\"image\":{\"@id\":\"https:\/\/missblond.com.br\/loja\/#\/schema\/logo\/image\/\"}}]}<\/script>\n<!-- \/ Yoast SEO Premium plugin. -->","yoast_head_json":{"title":"Conditionador Ultra Liss 1000 ml - Miss blond","robots":{"index":"index","follow":"follow","max-snippet":"max-snippet:-1","max-image-preview":"max-image-preview:large","max-video-preview":"max-video-preview:-1"},"canonical":"https:\/\/missblond.com.br\/loja\/product\/conditionador-ultra-liss-500-ml\/","og_locale":"pt_BR","og_type":"article","og_title":"Conditionador Ultra Liss 1000 ml","og_description":"Condicionador Ultra Liss Tratamento cosm\u00e9tico para cabelos normais at\u00e9 excessivamente secos e danificados. Indicado para hidratar e proteger os cabelos estressados, sensibilizados, quebradi\u00e7os e quimicamente danificados, especialmente os loiros, que passaram por descolora\u00e7ao ou tintura. A maior integridade da cuticula permite a reten\u00e7ao dos pigmentos dos cabelos tingidos, fixando as colora\u00e7oes por muito mais tempo. [...]","og_url":"https:\/\/missblond.com.br\/loja\/product\/conditionador-ultra-liss-500-ml\/","og_site_name":"Miss blond","article_modified_time":"2024-01-25T11:26:47+00:00","og_image":[{"width":771,"height":2560,"url":"https:\/\/missblond.com.br\/loja\/wp-content\/uploads\/2019\/11\/foto-conditionador-Ultra-Lisssite-scaled.jpg","type":"image\/jpeg"}],"twitter_card":"summary_large_image","twitter_misc":{"Est. tempo de leitura":"2 minutos"},"schema":{"@context":"https:\/\/schema.org","@graph":[{"@type":"WebPage","@id":"https:\/\/missblond.com.br\/loja\/product\/conditionador-ultra-liss-500-ml\/","url":"https:\/\/missblond.com.br\/loja\/product\/conditionador-ultra-liss-500-ml\/","name":"Conditionador Ultra Liss 1000 ml - Miss blond","isPartOf":{"@id":"https:\/\/missblond.com.br\/loja\/#website"},"primaryImageOfPage":{"@id":"https:\/\/missblond.com.br\/loja\/product\/conditionador-ultra-liss-500-ml\/#primaryimage"},"image":{"@id":"https:\/\/missblond.com.br\/loja\/product\/conditionador-ultra-liss-500-ml\/#primaryimage"},"thumbnailUrl":"https:\/\/missblond.com.br\/loja\/wp-content\/uploads\/2019\/11\/foto-conditionador-Ultra-Lisssite-scaled.jpg","datePublished":"2019-11-18T22:05:47+00:00","dateModified":"2024-01-25T11:26:47+00:00","breadcrumb":{"@id":"https:\/\/missblond.com.br\/loja\/product\/conditionador-ultra-liss-500-ml\/#breadcrumb"},"inLanguage":"pt-BR","potentialAction":[{"@type":"ReadAction","target":["https:\/\/missblond.com.br\/loja\/product\/conditionador-ultra-liss-500-ml\/"]}]},{"@type":"ImageObject","inLanguage":"pt-BR","@id":"https:\/\/missblond.com.br\/loja\/product\/conditionador-ultra-liss-500-ml\/#primaryimage","url":"https:\/\/missblond.com.br\/loja\/wp-content\/uploads\/2019\/11\/foto-conditionador-Ultra-Lisssite-scaled.jpg","contentUrl":"https:\/\/missblond.com.br\/loja\/wp-content\/uploads\/2019\/11\/foto-conditionador-Ultra-Lisssite-scaled.jpg","width":771,"height":2560},{"@type":"BreadcrumbList","@id":"https:\/\/missblond.com.br\/loja\/product\/conditionador-ultra-liss-500-ml\/#breadcrumb","itemListElement":[{"@type":"ListItem","position":1,"name":"Home","item":"https:\/\/missblond.com.br\/loja\/"},{"@type":"ListItem","position":2,"name":"Shop","item":"https:\/\/missblond.com.br\/loja\/shop\/"},{"@type":"ListItem","position":3,"name":"Conditionador Ultra Liss 1000 ml"}]},{"@type":"WebSite","@id":"https:\/\/missblond.com.br\/loja\/#website","url":"https:\/\/missblond.com.br\/loja\/","name":"Miss blond Cosm\u00e9ticos","description":"Uma loja de Verdade!","publisher":{"@id":"https:\/\/missblond.com.br\/loja\/#organization"},"potentialAction":[{"@type":"SearchAction","target":{"@type":"EntryPoint","urlTemplate":"https:\/\/missblond.com.br\/loja\/?s={search_term_string}"},"query-input":{"@type":"PropertyValueSpecification","valueRequired":true,"valueName":"search_term_string"}}],"inLanguage":"pt-BR"},{"@type":"Organization","@id":"https:\/\/missblond.com.br\/loja\/#organization","name":"Miss Blond Cosm\u00e9ticos","url":"https:\/\/missblond.com.br\/loja\/","logo":{"@type":"ImageObject","inLanguage":"pt-BR","@id":"https:\/\/missblond.com.br\/loja\/#\/schema\/logo\/image\/","url":"https:\/\/missblond.com.br\/loja\/wp-content\/uploads\/2019\/10\/logomarca_png2.png","contentUrl":"https:\/\/missblond.com.br\/loja\/wp-content\/uploads\/2019\/10\/logomarca_png2.png","width":1343,"height":281,"caption":"Miss Blond Cosm\u00e9ticos"},"image":{"@id":"https:\/\/missblond.com.br\/loja\/#\/schema\/logo\/image\/"}}]}},"_links":{"self":[{"href":"https:\/\/missblond.com.br\/loja\/wp-json\/wp\/v2\/product\/456","targetHints":{"allow":["GET"]}}],"collection":[{"href":"https:\/\/missblond.com.br\/loja\/wp-json\/wp\/v2\/product"}],"about":[{"href":"https:\/\/missblond.com.br\/loja\/wp-json\/wp\/v2\/types\/product"}],"replies":[{"embeddable":true,"href":"https:\/\/missblond.com.br\/loja\/wp-json\/wp\/v2\/comments?post=456"}],"wp:featuredmedia":[{"embeddable":true,"href":"https:\/\/missblond.com.br\/loja\/wp-json\/wp\/v2\/media\/534"}],"wp:attachment":[{"href":"https:\/\/missblond.com.br\/loja\/wp-json\/wp\/v2\/media?parent=456"}],"wp:term":[{"taxonomy":"product_brand","embeddable":true,"href":"https:\/\/missblond.com.br\/loja\/wp-json\/wp\/v2\/product_brand?post=456"},{"taxonomy":"product_cat","embeddable":true,"href":"https:\/\/missblond.com.br\/loja\/wp-json\/wp\/v2\/product_cat?post=456"},{"taxonomy":"product_tag","embeddable":true,"href":"https:\/\/missblond.com.br\/loja\/wp-json\/wp\/v2\/product_tag?post=456"}],"curies":[{"name":"wp","href":"https:\/\/api.w.org\/{rel}","templated":true}]}}